{"id":10195,"date":"2023-10-16T12:43:35","date_gmt":"2023-10-16T09:43:35","guid":{"rendered":"https:\/\/decaneto.com\/a-propos-de-nous\/"},"modified":"2024-01-09T21:50:38","modified_gmt":"2024-01-09T18:50:38","slug":"a-propos-de-nous","status":"publish","type":"page","link":"https:\/\/decaneto.com\/it\/chi-siamo\/","title":{"rendered":"Chi siamo"},"content":{"rendered":"<section class=\"l-section wpb_row height_medium\"><div class=\"l-section-h i-cf\"><div class=\"g-cols vc_row via_flex valign_top type_default stacking_default\"><div class=\"vc_col-sm-12 wpb_column vc_column_container\"><div class=\"vc_column-inner\"><div class=\"wpb_wrapper\"><div class=\"wpb_text_column\"><div class=\"wpb_wrapper\"><p>Sviluppiamo strategie efficaci sui social media per utenti lungimiranti delle piattaforme di social media. Abbiamo una comprovata esperienza nel migliorare le classifiche dei social media. Sviluppiamo relazioni con i nostri dipendenti, clienti e altri partner commerciali basate su trasparenza, permanenza, fiducia reciproca e onest\u00e0.<\/p>\n<p>In qualit\u00e0 di fornitore leader di servizi di social media in Francia, ci sono molte ragioni per scegliere Decaneto. Il pi\u00f9 importante di questi \u00e8 la rapidit\u00e0 di consegna e, naturalmente, l&#8217;affidabilit\u00e0 dei servizi offerti. Siamo sempre al vostro fianco prima e dopo la vendita con il nostro team di assistenza e supporto di qualit\u00e0. Potete pagare in modo affidabile, sicuro e semplice, e anche beneficiare del nostro supporto post-vendita. Da quando ha lanciato l&#8217;app nel 2011, Decaneto ha aperto la strada a una serie di servizi che hanno rivoluzionato lo sviluppo del marchio. Ottenere abbonati, visualizzazioni, like, reputazione e fedelt\u00e0 al marchio non \u00e8 mai stato cos\u00ec facile!<\/p>\n<h2>Perch\u00e9 siamo i migliori?<\/h2>\n<p>Come Decaneto, vi offriamo sempre le migliori opportunit\u00e0 per i vostri account sui social media. In altre parole, abbiamo combinato i prezzi pi\u00f9 convenienti con i servizi di migliore qualit\u00e0 sul mercato. Offriamo inoltre sconti interessanti per gli ordini di grandi quantit\u00e0. Il costo dei servizi offerti dipende dal volume del servizio richiesto. Per saperne di pi\u00f9 sui pacchetti, potete sfogliare le offerte associate nei menu in alto. Tutti i nostri servizi saranno forniti con profili di alta qualit\u00e0 che non cadranno nel tempo. Potete quindi acquistare i servizi Decaneto senza esitazioni.<\/p>\n<h3>Soddisfazione incondizionata<\/h3>\n<p>Come team di Decaneto, una delle nostre politiche pi\u00f9 importanti e l&#8217;unica a cui teniamo \u00e8 la &#8220;soddisfazione incondizionata&#8221;. Nell&#8217;ambito di questa politica, il nostro obiettivo \u00e8 quello di garantire che i nostri clienti siano sempre soddisfatti prima e dopo la vendita. In questo contesto, vi offriamo la migliore esperienza cliente del settore grazie al nostro personale di assistenza esperto e cortese. Se siete soddisfatti o insoddisfatti della nostra esperienza, fatecelo sapere nella pagina &#8220;Contatti&#8221;. Facciamo gli stessi miglioramenti anche noi.<\/p>\n<h4>Database dei conti reali<\/h4>\n<p>In tutti i vostri acquisti di servizi di social media da Decaneto, acquisterete un pubblico completamente reale e attivo. Tutti i servizi inviati saranno composti da persone dall&#8217;aspetto organico e naturale. In linea con la nostra politica di convenienza, vi offriamo la massima qualit\u00e0 di consegna di massa in cambio della tariffa pagata. Potete starne certi. Opportunit\u00e0 di social media di qualit\u00e0 incomparabile sono a Decaneto!<\/p>\n<h4>Qualit\u00e0, affidabilit\u00e0 e velocit\u00e0!<\/h4>\n<p>Decaneto, che offre una gamma completa di servizi Internet di social media, \u00e8 diventata una delle societ\u00e0 di servizi Internet pi\u00f9 conosciute in Francia. Giorno dopo giorno siamo migliorati e nella nostra situazione attuale cerchiamo di offrirvi il miglior servizio con la nostra esperienza e conoscenza. Il vostro sostegno e la fiducia che ci avete accordato nel corso degli anni hanno un valore inestimabile per noi. Da anni siamo indispensabili in Francia! Potete essere certi che vi forniremo il miglior servizio possibile agendo con la consapevolezza di questo valore e di questa responsabilit\u00e0. \u00c8 possibile acquistare molti servizi di social media in modo sicuro tramite Decaneto. Siamo a vostra disposizione con la nostra assistenza in diretta in caso di problemi. Continuate a sceglierci per un servizio sicuro e di qualit\u00e0 per acquistare follower Instagram reali.<\/p>\n<h4>La vostra privacy viene prima di tutto!<\/h4>\n<p>Con Decaneto, otterrete follower, like, abbonati, visualizzazioni, resto e altri servizi a basso costo. Offriamo utenti umani reali, abbonati che si impegnano con il vostro marchio. I follower che vi inviamo hanno una foto profilo, una biografia e un feed di pubblicazione.<\/p>\n<p>La sicurezza \u00e8 la priorit\u00e0 numero uno di Decaneto. Abbiamo una rigorosa politica sulla privacy dei dati, in cui rispettiamo tutte le normative per proteggere le vostre informazioni. Non vi chiediamo mai la password. Forniamo servizi con uno standard di crittografia avanzato, algoritmi speciali e un proxy privato.<\/p>\n<\/div><\/div><\/div><\/div><\/div><\/div><\/div><\/section>\n","protected":false},"excerpt":{"rendered":"Sviluppiamo strategie efficaci sui social media per utenti lungimiranti delle piattaforme di social media. Abbiamo una comprovata esperienza nel migliorare le classifiche dei social media. Sviluppiamo relazioni con i nostri dipendenti, clienti e altri partner commerciali basate su trasparenza, permanenza, fiducia reciproca e onest\u00e0. In qualit\u00e0 di fornitore leader di servizi di social media in...","protected":false},"author":4,"featured_media":0,"parent":0,"menu_order":0,"comment_status":"closed","ping_status":"closed","template":"","meta":{"_uag_custom_page_level_css":"","footnotes":""},"class_list":["post-10195","page","type-page","status-publish","hentry"],"acf":[],"uagb_featured_image_src":{"full":false,"thumbnail":false,"medium":false,"large":false,"us_40_40":false,"us_30_30":false,"us_108_108":false,"woocommerce_thumbnail":false,"woocommerce_single":false,"woocommerce_gallery_thumbnail":false},"uagb_author_info":{"display_name":"taffy","author_link":"https:\/\/decaneto.com\/it\/author\/taffy\/"},"uagb_comment_info":0,"uagb_excerpt":null,"_links":{"self":[{"href":"https:\/\/decaneto.com\/it\/wp-json\/wp\/v2\/pages\/10195","targetHints":{"allow":["GET"]}}],"collection":[{"href":"https:\/\/decaneto.com\/it\/wp-json\/wp\/v2\/pages"}],"about":[{"href":"https:\/\/decaneto.com\/it\/wp-json\/wp\/v2\/types\/page"}],"author":[{"embeddable":true,"href":"https:\/\/decaneto.com\/it\/wp-json\/wp\/v2\/users\/4"}],"replies":[{"embeddable":true,"href":"https:\/\/decaneto.com\/it\/wp-json\/wp\/v2\/comments?post=10195"}],"version-history":[{"count":5,"href":"https:\/\/decaneto.com\/it\/wp-json\/wp\/v2\/pages\/10195\/revisions"}],"predecessor-version":[{"id":10200,"href":"https:\/\/decaneto.com\/it\/wp-json\/wp\/v2\/pages\/10195\/revisions\/10200"}],"wp:attachment":[{"href":"https:\/\/decaneto.com\/it\/wp-json\/wp\/v2\/media?parent=10195"}],"curies":[{"name":"wp","href":"https:\/\/api.w.org\/{rel}","templated":true}]}}