{"id":10471,"date":"2023-10-16T13:39:33","date_gmt":"2023-10-16T10:39:33","guid":{"rendered":"https:\/\/decaneto.com\/contatto\/"},"modified":"2024-01-09T21:50:40","modified_gmt":"2024-01-09T18:50:40","slug":"contatto","status":"publish","type":"page","link":"https:\/\/decaneto.com\/it\/contatto\/","title":{"rendered":"Contatto"},"content":{"rendered":"<section class=\"l-section wpb_row height_medium\"><div class=\"l-section-h i-cf\"><div class=\"g-cols vc_row via_flex valign_top type_default stacking_default\"><div class=\"vc_col-sm-12 wpb_column vc_column_container\"><div class=\"vc_column-inner\"><div class=\"wpb_wrapper\"><h2 class=\"w-text us_custom_0402e9e3 has_text_color\"><span class=\"w-text-h\"><span class=\"w-text-value\">Siamo sempre in contatto con voi<\/span><\/span><\/h2><div class=\"w-text us_custom_2285af7b has_text_color\"><span class=\"w-text-h\"><span class=\"w-text-value\">Se avete domande o problemi, potete compilare il modulo 24\/7 e contattarci facilmente.<\/span><\/span><\/div><div class=\"w-separator size_medium\"><\/div><div class=\"g-cols wpb_row via_flex valign_top type_default stacking_default\"><div class=\"vc_col-sm-8 wpb_column vc_column_container\"><div class=\"vc_column-inner\"><div class=\"wpb_wrapper\"><div class=\"wpb_text_column us_custom_011d766d\"><div class=\"wpb_wrapper\"><div id=\"quform-6541ad\" class=\"quform quform-1 quform-theme-light quform-support-page-caching\"><form id=\"quform-form-6541ad\" class=\"quform-form quform-form-1\" action=\"\/it\/wp-json\/wp\/v2\/pages\/10471#quform-6541ad\" method=\"post\" enctype=\"multipart\/form-data\" novalidate=\"novalidate\" data-options=\"{&quot;id&quot;:1,&quot;uniqueId&quot;:&quot;6541ad&quot;,&quot;theme&quot;:&quot;light&quot;,&quot;ajax&quot;:true,&quot;logic&quot;:{&quot;logic&quot;:[],&quot;dependents&quot;:[],&quot;elementIds&quot;:[],&quot;dependentElementIds&quot;:[],&quot;animate&quot;:true},&quot;currentPageId&quot;:1,&quot;errorsIcon&quot;:&quot;&quot;,&quot;updateFancybox&quot;:true,&quot;hasPages&quot;:false,&quot;pages&quot;:[1],&quot;pageProgressType&quot;:&quot;numbers&quot;,&quot;tooltipsEnabled&quot;:true,&quot;tooltipClasses&quot;:&quot;qtip-quform-dark qtip-shadow&quot;,&quot;tooltipMy&quot;:&quot;left center&quot;,&quot;tooltipAt&quot;:&quot;right center&quot;,&quot;isRtl&quot;:false,&quot;scrollOffset&quot;:-50,&quot;scrollSpeed&quot;:800}\"><button class=\"quform-default-submit\" name=\"quform_submit\" type=\"submit\" value=\"submit\" aria-hidden=\"true\" tabindex=\"-1\"><\/button><div class=\"quform-form-inner quform-form-inner-1\"><input type=\"hidden\" name=\"quform_form_id\" value=\"1\" \/><input type=\"hidden\" name=\"quform_form_uid\" value=\"6541ad\" \/><input type=\"hidden\" name=\"quform_count\" value=\"1\" \/><input type=\"hidden\" name=\"form_url\" value=\"https:\/\/decaneto.com\/it\/wp-json\/wp\/v2\/pages\/10471\" \/><input type=\"hidden\" name=\"referring_url\" value=\"\" \/><input type=\"hidden\" name=\"post_id\" value=\"\" \/><input type=\"hidden\" name=\"post_title\" value=\"\" \/><input type=\"hidden\" name=\"quform_current_page_id\" value=\"1\" \/><input type=\"hidden\" name=\"quform_csrf_token\" value=\"Mi1GvPwDkO0Lq30nbletPgfyhHK6Zu4abZdFH9R2\" \/><div class=\"quform-elements quform-elements-1 quform-cf quform-responsive-elements-phone-portrait\"><div class=\"quform-element quform-element-page quform-page-1 quform-page-1_1 quform-cf quform-group-style-plain quform-first-page quform-last-page quform-current-page\"><div class=\"quform-child-elements\"><div class=\"quform-element quform-element-text quform-element-1_22 quform-cf quform-labels-inside quform-element-required\"><div class=\"quform-spacer\"><div class=\"quform-label quform-label-1_22\"><span class=\"quform-label-icon\"><i class=\"fa fa-user\"><\/i><\/span><label class=\"quform-label-text\" for=\"quform_1_22_6541ad\">Nom Pr\u00e9nom<span class=\"quform-required\">*<\/span><\/label><\/div><div class=\"quform-inner quform-inner-text quform-inner-1_22\"><p class=\"quform-description quform-description-above\">Nom Pr\u00e9nom<\/p><div class=\"quform-input quform-input-text quform-input-1_22 quform-cf\"><input type=\"text\" id=\"quform_1_22_6541ad\" name=\"quform_1_22\" class=\"quform-field quform-field-text quform-field-1_22\" \/><\/div><\/div><\/div><\/div><div class=\"quform-element quform-element-row quform-element-row-1_15 quform-2-columns quform-element-row-size-fixed quform-responsive-columns-phone-portrait\"><div class=\"quform-element quform-element-column quform-element-1_16\"><div class=\"quform-element quform-element-email quform-element-1_5 quform-cf quform-labels-inside quform-element-required\"><div class=\"quform-spacer\"><div class=\"quform-label quform-label-1_5\"><span class=\"quform-label-icon\"><i class=\"fa fa-envelope\"><\/i><\/span><label class=\"quform-label-text\" for=\"quform_1_5_6541ad\">E-mail<span class=\"quform-required\">*<\/span><\/label><\/div><div class=\"quform-inner quform-inner-email quform-inner-1_5\"><p class=\"quform-description quform-description-above\">E-mail<\/p><div class=\"quform-input quform-input-email quform-input-1_5 quform-cf\"><input type=\"email\" id=\"quform_1_5_6541ad\" name=\"quform_1_5\" class=\"quform-field quform-field-email quform-field-1_5\" \/><\/div><\/div><\/div><\/div><\/div><div class=\"quform-element quform-element-column quform-element-1_17\"><div class=\"quform-element quform-element-text quform-element-1_7 quform-cf quform-labels-inside quform-element-optional\"><div class=\"quform-spacer\"><div class=\"quform-label quform-label-1_7\"><span class=\"quform-label-icon\"><i class=\"fa fa-phone\"><\/i><\/span><label class=\"quform-label-text\" for=\"quform_1_7_6541ad\">Telephone<\/label><\/div><div class=\"quform-inner quform-inner-text quform-inner-1_7\"><p class=\"quform-description quform-description-above\">Votr\u00e9 num\u00e9ro de t\u00e9l\u00e9phone<\/p><div class=\"quform-input quform-input-text quform-input-1_7 quform-cf\"><input type=\"text\" id=\"quform_1_7_6541ad\" name=\"quform_1_7\" class=\"quform-field quform-field-text quform-field-1_7\" \/><\/div><\/div><\/div><\/div><\/div><\/div><div class=\"quform-element quform-element-text quform-element-1_23 quform-cf quform-labels-inside quform-element-required\"><div class=\"quform-spacer\"><div class=\"quform-label quform-label-1_23\"><span class=\"quform-label-icon\"><i class=\"fa fa-edit\"><\/i><\/span><label class=\"quform-label-text\" for=\"quform_1_23_6541ad\">Objet du message<span class=\"quform-required\">*<\/span><\/label><\/div><div class=\"quform-inner quform-inner-text quform-inner-1_23\"><p class=\"quform-description quform-description-above\">Sujet<\/p><div class=\"quform-input quform-input-text quform-input-1_23 quform-cf\"><input type=\"text\" id=\"quform_1_23_6541ad\" name=\"quform_1_23\" class=\"quform-field quform-field-text quform-field-1_23\" \/><\/div><\/div><\/div><\/div><div class=\"quform-element quform-element-textarea quform-element-1_6 quform-cf quform-labels-inside quform-element-optional\"><div class=\"quform-spacer\"><div class=\"quform-label quform-label-1_6\"><span class=\"quform-label-icon\"><i class=\"fa fa-comment\"><\/i><\/span><label class=\"quform-label-text\" for=\"quform_1_6_6541ad\">Veuillez r\u00e9diger votre message<\/label><\/div><div class=\"quform-inner quform-inner-textarea quform-inner-1_6\"><p class=\"quform-description quform-description-above\">Votre Message<\/p><div class=\"quform-input quform-input-textarea quform-input-1_6 quform-cf\"><textarea id=\"quform_1_6_6541ad\" name=\"quform_1_6\" class=\"quform-field quform-field-textarea quform-field-1_6\"><\/textarea><\/div><\/div><\/div><\/div><div class=\"quform-element quform-element-submit quform-element-1_2 quform-cf quform-button-style-theme quform-button-width-full\"><div class=\"quform-button-submit quform-button-submit-default quform-button-submit-1_2 quform-button-icon-right\"><button name=\"quform_submit\" type=\"submit\" class=\"quform-submit\" value=\"submit\"><span class=\"quform-button-text quform-button-submit-text\">Envoyer<\/span><span class=\"quform-button-icon quform-button-submit-icon\"><i class=\"qicon-send\"><\/i><\/span><\/button><\/div><div class=\"quform-loading quform-loading-position-left quform-loading-type-spinner-1\"><div class=\"quform-loading-inner\"><div class=\"quform-loading-spinner\"><div class=\"quform-loading-spinner-inner\"><\/div><\/div><\/div><\/div><\/div><div class=\"quform-element-tree\"><label for=\"quform_1_0_6541ad\">This field should be left blank<\/label><input type=\"text\" id=\"quform_1_0_6541ad\" name=\"quform_1_0\" class=\"quform-field quform-field-tree quform-field-1_0\" tabindex=\"-1\" autocomplete=\"off\" \/><\/div><\/div><\/div><\/div><\/div><\/form><\/div>\n<\/div><\/div><\/div><\/div><\/div><div class=\"vc_col-sm-4 wpb_column vc_column_container\"><div class=\"vc_column-inner us_custom_4430b3c4\"><div class=\"wpb_wrapper\"><div class=\"w-iconbox us_custom_9b92f4f6 iconpos_left style_default color_secondary align_left\"><div class=\"w-iconbox-icon\" style=\"font-size:36px;\"><i class=\"fal fa-map-marked-alt\"><\/i><\/div><div class=\"w-iconbox-meta\"><h4 class=\"w-iconbox-title\" style=\"font-size:20px;\">Adresse Indirizzo<\/h4><div class=\"w-iconbox-text\"><p>2 Rue Rosa Bonheur, 67640<br \/>\n<strong>Fegersheim, France<\/strong><\/p>\n<\/div><\/div><\/div><div class=\"w-iconbox us_custom_9b92f4f6 iconpos_left style_default color_secondary align_left\"><div class=\"w-iconbox-icon\" style=\"font-size:36px;\"><i class=\"fab fa-whatsapp\"><\/i><\/div><div class=\"w-iconbox-meta\"><h4 class=\"w-iconbox-title\" style=\"font-size:20px;\">Whatsapp<\/h4><div class=\"w-iconbox-text\"><p><strong>+33 6 86 95 04 19<\/strong><\/p>\n<\/div><\/div><\/div><div class=\"w-iconbox us_custom_828ad9ac iconpos_left style_default color_secondary align_left\"><div class=\"w-iconbox-icon\" style=\"font-size:36px;\"><i class=\"fal fa-envelope-open-text\"><\/i><\/div><div class=\"w-iconbox-meta\"><h4 class=\"w-iconbox-title\" style=\"font-size:22px;\">E-Mail<\/h4><div class=\"w-iconbox-text\"><p>info@decaneto.com<\/p>\n<\/div><\/div><\/div><\/div><\/div><\/div><\/div><\/div><\/div><\/div><\/div><\/div><\/section><section class=\"l-section wpb_row height_auto width_full\"><div class=\"l-section-h i-cf\"><div class=\"g-cols vc_row via_flex valign_top type_default stacking_default\"><div class=\"vc_col-sm-12 wpb_column vc_column_container\"><div class=\"vc_column-inner\"><div class=\"wpb_wrapper\"><div class=\"wpb_text_column\"><div class=\"wpb_wrapper\"><p><iframe loading=\"lazy\" style=\"border: 0;\" src=\"https:\/\/www.google.com\/maps\/embed?pb=!1m18!1m12!1m3!1d2644.3048725586837!2d7.691619976820081!3d48.489045626626854!2m3!1f0!2f0!3f0!3m2!1i1024!2i768!4f13.1!3m3!1m2!1s0x4796cbef62a3f629%3A0xee9fd9ec103c6e37!2sDecaneto!5e0!3m2!1str!2str!4v1700659204064!5m2!1str!2str\" width=\"100%\" height=\"400\" allowfullscreen=\"allowfullscreen\"><\/iframe><\/p>\n<\/div><\/div><\/div><\/div><\/div><\/div><\/div><\/section>\n","protected":false},"excerpt":{"rendered":"Siamo sempre in contatto con voiSe avete domande o problemi, potete compilare il modulo 24\/7 e contattarci facilmente.Nom Pr\u00e9nom*Nom Pr\u00e9nomE-mail*E-mailTelephoneVotr\u00e9 num\u00e9ro de t\u00e9l\u00e9phoneObjet du message*SujetVeuillez r\u00e9diger votre messageVotre MessageEnvoyerThis field should be left blank Adresse Indirizzo2 Rue Rosa Bonheur, 67640 Fegersheim, France Whatsapp+33 6 86 95 04 19 E-Mailinfo@decaneto.com","protected":false},"author":4,"featured_media":0,"parent":0,"menu_order":0,"comment_status":"closed","ping_status":"closed","template":"","meta":{"_uag_custom_page_level_css":"","footnotes":""},"class_list":["post-10471","page","type-page","status-publish","hentry"],"acf":[],"uagb_featured_image_src":{"full":false,"thumbnail":false,"medium":false,"large":false,"us_40_40":false,"us_30_30":false,"us_108_108":false,"woocommerce_thumbnail":false,"woocommerce_single":false,"woocommerce_gallery_thumbnail":false},"uagb_author_info":{"display_name":"taffy","author_link":"https:\/\/decaneto.com\/it\/author\/taffy\/"},"uagb_comment_info":0,"uagb_excerpt":null,"_links":{"self":[{"href":"https:\/\/decaneto.com\/it\/wp-json\/wp\/v2\/pages\/10471","targetHints":{"allow":["GET"]}}],"collection":[{"href":"https:\/\/decaneto.com\/it\/wp-json\/wp\/v2\/pages"}],"about":[{"href":"https:\/\/decaneto.com\/it\/wp-json\/wp\/v2\/types\/page"}],"author":[{"embeddable":true,"href":"https:\/\/decaneto.com\/it\/wp-json\/wp\/v2\/users\/4"}],"replies":[{"embeddable":true,"href":"https:\/\/decaneto.com\/it\/wp-json\/wp\/v2\/comments?post=10471"}],"version-history":[{"count":2,"href":"https:\/\/decaneto.com\/it\/wp-json\/wp\/v2\/pages\/10471\/revisions"}],"predecessor-version":[{"id":10473,"href":"https:\/\/decaneto.com\/it\/wp-json\/wp\/v2\/pages\/10471\/revisions\/10473"}],"wp:attachment":[{"href":"https:\/\/decaneto.com\/it\/wp-json\/wp\/v2\/media?parent=10471"}],"curies":[{"name":"wp","href":"https:\/\/api.w.org\/{rel}","templated":true}]}}